{"id":661,"date":"2016-02-18T15:10:52","date_gmt":"2016-02-18T15:10:52","guid":{"rendered":"https:\/\/aptim.hu\/corporate\/"},"modified":"2026-05-15T17:43:52","modified_gmt":"2026-05-15T17:43:52","slug":"corporate","status":"publish","type":"page","link":"https:\/\/aptim.hu\/en\/","title":{"rendered":"Corporate"},"content":{"rendered":"\n<div class=\"slider-wrapper relative\" id=\"slider-800430723\" >\n    <div class=\"slider slider-nav-circle slider-nav-large slider-nav-light slider-style-normal\"\n        data-flickity-options='{\n            \"cellAlign\": \"center\",\n            \"imagesLoaded\": true,\n            \"lazyLoad\": 1,\n            \"freeScroll\": false,\n            \"wrapAround\": true,\n            \"autoPlay\": 6000,\n            \"pauseAutoPlayOnHover\" : true,\n            \"prevNextButtons\": true,\n            \"contain\" : true,\n            \"adaptiveHeight\" : true,\n            \"dragThreshold\" : 10,\n            \"percentPosition\": true,\n            \"pageDots\": true,\n            \"rightToLeft\": false,\n            \"draggable\": true,\n            \"selectedAttraction\": 0.1,\n            \"parallax\" : 0,\n            \"friction\": 0.6        }'\n        >\n        \n\n\n  <div class=\"banner has-hover\" id=\"banner-1732647142\">\n          <div class=\"banner-inner fill\">\n        <div class=\"banner-bg fill\" >\n            <img loading=\"lazy\" decoding=\"async\" width=\"2560\" height=\"1709\" src=\"https:\/\/aptim.hu\/wp-content\/uploads\/2020\/12\/hs1-portrait-smiling-man-sitting-cafe-bar-with-his-laptop-computer-scaled.jpg\" class=\"bg attachment-original size-original\" alt=\"\" \/>                                    \n                    <\/div>\n\t\t\n        <div class=\"banner-layers container\">\n            <div class=\"fill banner-link\"><\/div>            \n\n   <div id=\"text-box-1762654650\" class=\"text-box banner-layer x0 md-x0 lg-x0 y10 md-y10 lg-y10 res-text\">\n                                <div class=\"text-box-content text text-shadow-1\">\n              \n              <div class=\"text-inner text-left\">\n                  \n\n\t<div id=\"text-3626052125\" class=\"text\">\n\t\t\n\n<h3 class=\"uppercase\"><a href=\"_wp_link_placeholder\" data-wplink-edit=\"true\">Microsoft 365<\/a><\/h3>\n<p data-line-height=\"m\" data-padding=\"5px\"><a href=\"_wp_link_placeholder\">Az M365 ter\u00fcleten az el\u0151k\u00e9sz\u00edt\u00e9s, a tervez\u00e9s \u00e9s a kivitelez\u00e9s mellett, annak \u00fczemeltet\u00e9s\u00e9t is t\u00e1mogatjuk.<\/a><\/p>\n\t\t\n<style>\n#text-3626052125 {\n  font-size: 1rem;\n  line-height: 2.75;\n  text-align: left;\n  color: rgb(0,0,0);\n}\n#text-3626052125 > * {\n  color: rgb(0,0,0);\n}\n<\/style>\n\t<\/div>\n\t\n<a href=\"https:\/\/aptim.hu\/referenciak\/\" class=\"button primary\"  >\n\t\t<span>Tov\u00e1bb<\/span>\n\t<i class=\"icon-angle-right\" aria-hidden=\"true\" ><\/i><\/a>\n\n\n\n              <\/div>\n           <\/div>\n                            \n<style>\n#text-box-1762654650 .text-box-content {\n  background-color: rgb(249, 250, 244);\n  font-size: 100%;\n}\n#text-box-1762654650 .text-inner {\n  padding: 40px 40px 40px 40px;\n}\n#text-box-1762654650 {\n  width: 33%;\n}\n<\/style>\n    <\/div>\n \n\n        <\/div>\n      <\/div>\n\n            \n<style>\n#banner-1732647142 {\n  padding-top: 737px;\n}\n#banner-1732647142 .banner-bg img {\n  object-position: 62% 50%;\n}\n<\/style>\n  <\/div>\n\n\n\n  <div class=\"banner has-hover banner2\" id=\"banner-1804530725\">\n          <div class=\"banner-inner fill\">\n        <div class=\"banner-bg fill\" >\n            <img loading=\"lazy\" decoding=\"async\" width=\"1020\" height=\"680\" src=\"https:\/\/aptim.hu\/wp-content\/uploads\/2020\/12\/hs2-bussiness-people-working-team-office-1200x800.jpg\" class=\"bg attachment-large size-large\" alt=\"\" \/>                                    \n                    <\/div>\n\t\t\n        <div class=\"banner-layers container\">\n            <div class=\"fill banner-link\"><\/div>            \n\n   <div id=\"text-box-696713915\" class=\"text-box banner-layer x50 md-x50 lg-x50 y90 md-y90 lg-y90 res-text\">\n                                <div class=\"text-box-content text text-shadow-1\">\n              \n              <div class=\"text-inner text-left\">\n                  \n\n\t<div id=\"text-4024410224\" class=\"text\">\n\t\t\n\n<h3 class=\"uppercase\">Microsoft szerver- \u00e9s kliens\u00fczemeltet\u00e9s<\/h3>\n<p data-line-height=\"m\">\u00dczemeltet\u00e9si feladatok. Els\u0151sorban Microsoft infrastrukt\u00far\u00e1t t\u00e1mogatunk, Active Directory, DNS, DHCP, Print, SQL.<\/p>\n\t\t\n<style>\n#text-4024410224 {\n  text-align: left;\n}\n<\/style>\n\t<\/div>\n\t\n<a href=\"https:\/\/aptim.hu\/referenciak\/\" class=\"button primary\"  >\n\t\t<span>Tov\u00e1bb<\/span>\n\t<i class=\"icon-angle-right\" aria-hidden=\"true\" ><\/i><\/a>\n\n\n\n              <\/div>\n           <\/div>\n                            \n<style>\n#text-box-696713915 .text-box-content {\n  background-color: rgb(255, 255, 255);\n  font-size: 100%;\n}\n#text-box-696713915 .text-inner {\n  padding: 40px 40px 40px 40px;\n}\n#text-box-696713915 {\n  width: 41%;\n}\n<\/style>\n    <\/div>\n \n\n        <\/div>\n      <\/div>\n\n            \n<style>\n#banner-1804530725 {\n  padding-top: 737px;\n}\n#banner-1804530725 .banner-bg img {\n  object-position: 62% 10%;\n}\n<\/style>\n  <\/div>\n\n\n\n  <div class=\"banner has-hover\" id=\"banner-2071712873\">\n          <div class=\"banner-inner fill\">\n        <div class=\"banner-bg fill\" >\n            <img loading=\"lazy\" decoding=\"async\" width=\"1020\" height=\"680\" src=\"https:\/\/aptim.hu\/wp-content\/uploads\/2020\/12\/hs3-cheerful-young-caucasian-businessman-1200x800.jpg\" class=\"bg attachment-large size-large\" alt=\"\" \/>                                    \n                    <\/div>\n\t\t\n        <div class=\"banner-layers container\">\n            <div class=\"fill banner-link\"><\/div>            \n\n   <div id=\"text-box-1630235459\" class=\"text-box banner-layer x0 md-x0 lg-x0 y25 md-y25 lg-y25 res-text\">\n                                <div class=\"text-box-content text text-shadow-1\">\n              \n              <div class=\"text-inner text-left\">\n                  \n\n<h3 class=\"uppercase\">Intune<\/h3>\n<p data-line-height=\"m\">M\u00e9rn\u00f6keink seg\u00edtik az Intune bevezet\u00e9s el\u0151k\u00e9sz\u00edt\u00e9ses\u00e9t, tervez\u00e9s\u00e9t, implement\u00e1l\u00e1s\u00e1t \u00e9s \u00fczemeltet\u00e9sben is seg\u00edt\u00fcnk partnereinknek.&nbsp;<\/p>\n<a href=\"https:\/\/aptim.hu\/referenciak\/\" class=\"button primary\"  >\n\t\t<span>Tov\u00e1bb<\/span>\n\t<i class=\"icon-angle-right\" aria-hidden=\"true\" ><\/i><\/a>\n\n\n\n              <\/div>\n           <\/div>\n                            \n<style>\n#text-box-1630235459 .text-box-content {\n  background-color: rgb(255, 255, 255);\n  font-size: 100%;\n}\n#text-box-1630235459 .text-inner {\n  padding: 40px 40px 40px 40px;\n}\n#text-box-1630235459 {\n  width: 38%;\n}\n<\/style>\n    <\/div>\n \n\n        <\/div>\n      <\/div>\n\n            \n<style>\n#banner-2071712873 {\n  padding-top: 737px;\n}\n#banner-2071712873 .banner-bg img {\n  object-position: 62% 10%;\n}\n<\/style>\n  <\/div>\n\n\n\n  <div class=\"banner has-hover\" id=\"banner-1805345625\">\n          <div class=\"banner-inner fill\">\n        <div class=\"banner-bg fill\" >\n            <img loading=\"lazy\" decoding=\"async\" width=\"1020\" height=\"681\" src=\"https:\/\/aptim.hu\/wp-content\/uploads\/2020\/12\/hs4-business-brainstorming-graph-chart-report-data-concept-1199x800.jpg\" class=\"bg attachment-large size-large\" alt=\"\" \/>                                    \n                    <\/div>\n\t\t\n        <div class=\"banner-layers container\">\n            <div class=\"fill banner-link\"><\/div>            \n\n   <div id=\"text-box-1949225559\" class=\"text-box banner-layer x0 md-x0 lg-x0 y75 md-y75 lg-y75 res-text\">\n              <div data-parallax=\"1\" data-parallax-fade=\"true\">                  <div class=\"text-box-content text text-shadow-1\">\n              \n              <div class=\"text-inner text-left\">\n                  \n\n\t<div id=\"text-2495476244\" class=\"text\">\n\t\t\n\n<h3 class=\"uppercase\">Monitoring \u00e9s SLA m\u00e9r\u00e9sek<\/h3>\n<p data-line-height=\"m\">Monitoring megold\u00e1sokban is seg\u00edt\u00fcnk. A System Center Operations Manager, r\u00f6viden SCOM, egy Microsoft monitoring megold\u00e1s, amelybe sz\u00e1mos be\u00e9p\u00edtett metrika tal\u00e1lhat\u00f3.<\/p>\n\t\t\n<style>\n#text-2495476244 {\n  text-align: left;\n}\n<\/style>\n\t<\/div>\n\t\n<a href=\"https:\/\/aptim.hu\/referenciak\/\" class=\"button primary\"  >\n\t\t<span>Tov\u00e1bb<\/span>\n\t<i class=\"icon-angle-right\" aria-hidden=\"true\" ><\/i><\/a>\n\n\n\n              <\/div>\n           <\/div>\n              <\/div>              \n<style>\n#text-box-1949225559 .text-box-content {\n  background-color: rgb(255, 255, 255);\n  font-size: 100%;\n}\n#text-box-1949225559 .text-inner {\n  padding: 40px 40px 40px 40px;\n}\n#text-box-1949225559 {\n  width: 43%;\n}\n<\/style>\n    <\/div>\n \n\n        <\/div>\n      <\/div>\n\n            \n<style>\n#banner-1805345625 {\n  padding-top: 737px;\n}\n#banner-1805345625 .banner-bg img {\n  object-position: 62% 38%;\n}\n<\/style>\n  <\/div>\n\n\n\n  <div class=\"banner has-hover\" id=\"banner-980320147\">\n          <div class=\"banner-inner fill\">\n        <div class=\"banner-bg fill\" >\n            <img loading=\"lazy\" decoding=\"async\" width=\"1020\" height=\"680\" src=\"https:\/\/aptim.hu\/wp-content\/uploads\/2020\/12\/hs5-group-people-working-out-business-plan-office-1200x800.jpg\" class=\"bg attachment-large size-large\" alt=\"\" \/>                                    \n                    <\/div>\n\t\t\n        <div class=\"banner-layers container\">\n            <div class=\"fill banner-link\"><\/div>            \n\n   <div id=\"text-box-1116173710\" class=\"text-box banner-layer x100 md-x100 lg-x100 y60 md-y60 lg-y60 res-text\">\n                                <div class=\"text-box-content text text-shadow-1\">\n              \n              <div class=\"text-inner text-left\">\n                  \n\n\t<div id=\"text-2072899598\" class=\"text\">\n\t\t\n\n<h3 class=\"uppercase\">Azure Cloud<\/h3>\n<p data-line-height=\"m\">Microsoft Cloud foglalkozunk a IaaS, Saas, PaaS komponensekkel. Tervez\u00e9st\u0151l \u00fczemeltet\u00e9sig.<\/p>\n\t\t\n<style>\n#text-2072899598 {\n  text-align: left;\n}\n<\/style>\n\t<\/div>\n\t\n<a href=\"https:\/\/aptim.hu\/referenciak\/\" class=\"button primary\"  >\n\t\t<span>Tov\u00e1bb<\/span>\n\t<i class=\"icon-angle-right\" aria-hidden=\"true\" ><\/i><\/a>\n\n\n\n              <\/div>\n           <\/div>\n                            \n<style>\n#text-box-1116173710 .text-box-content {\n  background-color: rgb(255, 255, 255);\n  font-size: 100%;\n}\n#text-box-1116173710 .text-inner {\n  padding: 40px 40px 40px 40px;\n}\n#text-box-1116173710 {\n  width: 33%;\n}\n<\/style>\n    <\/div>\n \n\n        <\/div>\n      <\/div>\n\n            \n<style>\n#banner-980320147 {\n  padding-top: 737px;\n}\n#banner-980320147 .banner-bg img {\n  object-position: 62% 58%;\n}\n<\/style>\n  <\/div>\n\n\n\n     <\/div>\n\n     <div class=\"loading-spin dark large centered\"><\/div>\n\n\t<\/div>\n\n\n<div class=\"row\"  id=\"row-1596879517\">\n\n\n\t<div id=\"col-203636543\" class=\"col small-12 large-12\"  >\n\t\t\t\t<div class=\"col-inner\"  >\n\t\t\t\n\t\t\t\n\n\n\t\t<\/div>\n\t\t\t\t\t<\/div>\n\n\t\n\n<\/div>\n\n\t<section class=\"section\" id=\"section_1755293207\">\n\t\t<div class=\"section-bg fill\" >\n\t\t\t\t\t\t\t\t\t\n\t\t\t\n\n\t\t<\/div>\n\n\t\t\n\n\t\t<div class=\"section-content relative\">\n\t\t\t\n\n<div class=\"row row-large align-center row-divided\"  id=\"row-769435435\">\n\n\n\t<div id=\"col-896401739\" class=\"col medium-4 large-4\"  >\n\t\t\t\t<div class=\"col-inner\"  >\n\t\t\t\n\t\t\t\n\n\n\t\t<div class=\"icon-box featured-box icon-box-center text-center\"  style=\"margin:0px 0px 0px 0px;\">\n\t\t\t\t\t<div class=\"icon-box-img has-icon-bg\" style=\"width: 60px\">\n\t\t\t\t<div class=\"icon\">\n\t\t\t\t\t<div class=\"icon-inner\" style=\"border-width:2px;\">\n\t\t\t\t\t\t<img loading=\"lazy\" decoding=\"async\" width=\"406\" height=\"400\" src=\"https:\/\/aptim.hu\/wp-content\/uploads\/2021\/02\/consulting-logo-png-406x400.png\" class=\"attachment-medium size-medium\" alt=\"\" srcset=\"https:\/\/aptim.hu\/wp-content\/uploads\/2021\/02\/consulting-logo-png-406x400.png 406w, https:\/\/aptim.hu\/wp-content\/uploads\/2021\/02\/consulting-logo-png-811x800.png 811w, https:\/\/aptim.hu\/wp-content\/uploads\/2021\/02\/consulting-logo-png-768x757.png 768w, https:\/\/aptim.hu\/wp-content\/uploads\/2021\/02\/consulting-logo-png.png 988w\" sizes=\"auto, (max-width: 406px) 100vw, 406px\" \/>\t\t\t\t\t<\/div>\n\t\t\t\t<\/div>\n\t\t\t<\/div>\n\t\t\t\t<div class=\"icon-box-text last-reset\">\n\t\t\t<h5 class=\"uppercase\">Tan\u00e1csad\u00e1s<\/h5>\t\t\t\t\t\t\n\n<p>Architect koll\u00e9g\u00e1ink m\u00e1r 10 \u00e9ve sikeresen seg\u00edtik a nemzetk\u00f6zi nagyv\u00e1llalti szf\u00e9r\u00e1t Microsoft tan\u00e1csad\u00f3k\u00e9nt.<\/p>\n\n\t\t<\/div>\n\t<\/div>\n\t\n\t\n\n\t\t<\/div>\n\t\t\t\t\t<\/div>\n\n\t\n\n\t<div id=\"col-397511384\" class=\"col medium-4 large-4\"  >\n\t\t\t\t<div class=\"col-inner\"  >\n\t\t\t\n\t\t\t\n\n\n\t\t<div class=\"icon-box featured-box icon-box-center text-center\"  style=\"margin:0px 0px 0px 0px;\">\n\t\t\t\t\t<div class=\"icon-box-img has-icon-bg\" style=\"width: 60px\">\n\t\t\t\t<div class=\"icon\">\n\t\t\t\t\t<div class=\"icon-inner\" style=\"border-width:2px;\">\n\t\t\t\t\t\t<img loading=\"lazy\" decoding=\"async\" width=\"367\" height=\"400\" src=\"https:\/\/aptim.hu\/wp-content\/uploads\/2021\/02\/6661-ma\u0301solat-png-367x400.png\" class=\"attachment-medium size-medium\" alt=\"\" srcset=\"https:\/\/aptim.hu\/wp-content\/uploads\/2021\/02\/6661-ma\u0301solat-png-367x400.png 367w, https:\/\/aptim.hu\/wp-content\/uploads\/2021\/02\/6661-ma\u0301solat-png.png 668w\" sizes=\"auto, (max-width: 367px) 100vw, 367px\" \/>\t\t\t\t\t<\/div>\n\t\t\t\t<\/div>\n\t\t\t<\/div>\n\t\t\t\t<div class=\"icon-box-text last-reset\">\n\t\t\t<h5 class=\"uppercase\">\u00dczemeltet\u00e9s<\/h5>\t\t\t\t\t\t\n\n<p>10 \u00e9ves tapasztalattal rendelkez\u00fcnk a Microsoft term\u00e9kek \u00fczemeltet\u00e9s\u00e9ben. A felh\u0151vel annak kezdete \u00f3ta.<\/p>\n\n\t\t<\/div>\n\t<\/div>\n\t\n\t\n\n\t\t<\/div>\n\t\t\t\t\t<\/div>\n\n\t\n\n\t<div id=\"col-1013940427\" class=\"col medium-4 large-4\"  >\n\t\t\t\t<div class=\"col-inner\"  >\n\t\t\t\n\t\t\t\n\n\n\t\t<div class=\"icon-box featured-box icon-box-center text-center\"  style=\"margin:0px 0px 0px 0px;\">\n\t\t\t\t\t<div class=\"icon-box-img has-icon-bg\" style=\"width: 60px\">\n\t\t\t\t<div class=\"icon\">\n\t\t\t\t\t<div class=\"icon-inner\" style=\"border-width:2px;\">\n\t\t\t\t\t\t<img loading=\"lazy\" decoding=\"async\" width=\"547\" height=\"400\" src=\"https:\/\/aptim.hu\/wp-content\/uploads\/2021\/02\/projektek-png-547x400.png\" class=\"attachment-medium size-medium\" alt=\"\" srcset=\"https:\/\/aptim.hu\/wp-content\/uploads\/2021\/02\/projektek-png-547x400.png 547w, https:\/\/aptim.hu\/wp-content\/uploads\/2021\/02\/projektek-png-1094x800.png 1094w, https:\/\/aptim.hu\/wp-content\/uploads\/2021\/02\/projektek-png-768x562.png 768w, https:\/\/aptim.hu\/wp-content\/uploads\/2021\/02\/projektek-png-1536x1123.png 1536w, https:\/\/aptim.hu\/wp-content\/uploads\/2021\/02\/projektek-png-2048x1498.png 2048w\" sizes=\"auto, (max-width: 547px) 100vw, 547px\" \/>\t\t\t\t\t<\/div>\n\t\t\t\t<\/div>\n\t\t\t<\/div>\n\t\t\t\t<div class=\"icon-box-text last-reset\">\n\t\t\t<h5 class=\"uppercase\">Projektek<\/h5>\t\t\t\t\t\t\n\n<p>10 \u00e9ve dolgozunk k\u00fcls\u0151s IT projekt implement\u00e1ci\u00f3s csapatk\u00e9nt a Microsoft term\u00e9kekkel. <\/p>\n\n\t\t<\/div>\n\t<\/div>\n\t\n\t\n\n\t\t<\/div>\n\t\t\t\t\t<\/div>\n\n\t\n\n<\/div>\n\n\t\t<\/div>\n\n\t\t\n<style>\n#section_1755293207 {\n  padding-top: 30px;\n  padding-bottom: 30px;\n  background-color: rgb(255, 255, 255);\n}\n<\/style>\n\t<\/section>\n\t\n\n\t<section class=\"section\" id=\"section_1177849808\">\n\t\t<div class=\"section-bg fill\" >\n\t\t\t\t\t\t\t\t\t<div class=\"section-bg-overlay absolute fill\"><\/div>\n\t\t\t\n\t<div class=\"is-border\"\n\t\tstyle=\"border-width:1px 0px 1px 0px;\">\n\t<\/div>\n\n\t\t<\/div>\n\n\t\t\n\n\t\t<div class=\"section-content relative\">\n\t\t\t\n\n<div class=\"row row-large align-middle\"  id=\"row-1656355200\">\n\n\n\t<div id=\"col-1139572623\" class=\"col medium-6 small-12 large-6\"  >\n\t\t\t\t<div class=\"col-inner\"  >\n\t\t\t\n\t\t\t\n\n\t<div class=\"img has-hover x md-x lg-x y md-y lg-y\" id=\"image_441480908\">\n\t\t\t\t\t\t\t\t<div class=\"img-inner box-shadow-2 dark\" >\n\t\t\t<img loading=\"lazy\" decoding=\"async\" width=\"1020\" height=\"593\" src=\"https:\/\/aptim.hu\/wp-content\/uploads\/2021\/02\/it-expert-text-keyboard-button-1376x800.jpg\" class=\"attachment-large size-large\" alt=\"\" srcset=\"https:\/\/aptim.hu\/wp-content\/uploads\/2021\/02\/it-expert-text-keyboard-button-1376x800.jpg 1376w, https:\/\/aptim.hu\/wp-content\/uploads\/2021\/02\/it-expert-text-keyboard-button-688x400.jpg 688w, https:\/\/aptim.hu\/wp-content\/uploads\/2021\/02\/it-expert-text-keyboard-button-768x446.jpg 768w, https:\/\/aptim.hu\/wp-content\/uploads\/2021\/02\/it-expert-text-keyboard-button-1536x893.jpg 1536w, https:\/\/aptim.hu\/wp-content\/uploads\/2021\/02\/it-expert-text-keyboard-button-2048x1191.jpg 2048w\" sizes=\"auto, (max-width: 1020px) 100vw, 1020px\" \/>\t\t\t\t\t\t\n\t\t\t\t\t<\/div>\n\t\t\t\t\t\t\t\t\n<style>\n#image_441480908 {\n  width: 100%;\n}\n<\/style>\n\t<\/div>\n\t\n\n\n\t\t<\/div>\n\t\t\t\t\t<\/div>\n\n\t\n\n\t<div id=\"col-1138757018\" class=\"col medium-6 small-12 large-6\"  >\n\t\t\t\t<div class=\"col-inner text-left\"  >\n\t\t\t\n\t\t\t\n\n<h2 class=\"uppercase\">Kik vagyunk?<\/h2>\n<p><span data-contrast=\"auto\">Az<\/span><span data-contrast=\"auto\"> Aptim <\/span><span data-contrast=\"auto\">t\u00f6bb mint 10<\/span><span data-contrast=\"auto\"> \u00e9ve<\/span> <span data-contrast=\"auto\">kezdte meg m\u0171k\u00f6d\u00e9s\u00e9t,<\/span><span data-contrast=\"auto\"> hivatalos Microsoft partner<\/span><span data-contrast=\"auto\">k\u00e9nt l\u00e9pt\u00fcnk piacra.<\/span><span data-contrast=\"auto\"> Akkor m\u00e9g monitoring, SLA m\u00e9r\u00e9sek&nbsp;<\/span><span data-contrast=\"auto\">\u00e9s BI riporting ter\u00fcleteken t\u00e1mogattuk a<\/span> <span data-contrast=\"auto\">nagyv\u00e1llalat<\/span><span data-contrast=\"auto\">i szerepl\u0151ket. Manaps\u00e1g m\u00e1r a Microsoft term\u00e9kek sz\u00e9<\/span><span data-contrast=\"auto\">l<\/span><span data-contrast=\"auto\">es <\/span><span data-contrast=\"auto\">spektrum\u00e1val foglalkozunk.<\/span><span data-ccp-props=\"{&quot;201341983&quot;:0,&quot;335559740&quot;:259}\">&nbsp;<\/span><\/p>\n<a href=\"https:\/\/aptim.hu\/rolunk\/\" class=\"button primary\"  >\n\t\t<span>R\u00f3lunk<\/span>\n\t<\/a>\n\n\n\n\t\t<\/div>\n\t\t\t\t\t<\/div>\n\n\t\n\n<\/div>\n\n\t\t<\/div>\n\n\t\t\n<style>\n#section_1177849808 {\n  padding-top: 60px;\n  padding-bottom: 60px;\n  background-color: rgb(193, 193, 193);\n}\n#section_1177849808 .section-bg-overlay {\n  background-color: rgba(255, 255, 255, 0.85);\n}\n<\/style>\n\t<\/section>\n\t\n\n<div class=\"message-box relative dark\" style=\"padding-top:36px;padding-bottom:36px;\"><div class=\"message-box-bg-image bg-fill fill\" ><\/div><div class=\"message-box-bg-overlay bg-fill fill\" style=\"background-color:rgb(74, 74, 74);\"><\/div><div class=\"container relative\"><div class=\"inner last-reset\">\n\n<div class=\"row align-middle\"  id=\"row-336179932\">\n\n\n\t<div id=\"col-242257568\" class=\"col medium-7 small-12 large-7\"  >\n\t\t\t\t<div class=\"col-inner\"  >\n\t\t\t\n\t\t\t\n\n<h2 class=\"uppercase\">Vedd fel vel\u00fcnk a kapcsolatot!<\/h2>\n<p>&nbsp;<\/p>\n\n\t\t<\/div>\n\t\t\t\t\t<\/div>\n\n\t\n\n\t<div id=\"col-595437606\" class=\"col medium-5 small-12 large-5\"  >\n\t\t\t\t<div class=\"col-inner text-right\"  >\n\t\t\t\n\t\t\t\n\n<a data-animate=\"flipInY\" href=\"https:\/\/aptim.hu\/kapcsolat\/\" class=\"button white is-outline is-larger\"  >\n\t\t<span>\u00cdrj nek\u00fcnk!<\/span>\n\t<\/a>\n\n\n\n\t\t<\/div>\n\t\t\t\t\t<\/div>\n\n\t\n\n<\/div>\n\n<\/div><\/div><\/div>\n\n\n<p><\/p>\n","protected":false},"excerpt":{"rendered":"","protected":false},"author":2,"featured_media":660,"parent":0,"menu_order":1,"comment_status":"closed","ping_status":"closed","template":"page-blank.php","meta":{"footnotes":""},"class_list":["post-661","page","type-page","status-publish","has-post-thumbnail","hentry"],"yoast_head":"<!-- This site is optimized with the Yoast SEO plugin v27.1.1 - https:\/\/yoast.com\/product\/yoast-seo-wordpress\/ -->\n<title>Corporate - Aptim<\/title>\n<meta name=\"robots\" content=\"index, follow, max-snippet:-1, max-image-preview:large, max-video-preview:-1\" \/>\n<link rel=\"canonical\" href=\"https:\/\/aptim.hu\/en\/\" \/>\n<meta property=\"og:locale\" content=\"en_US\" \/>\n<meta property=\"og:type\" content=\"article\" \/>\n<meta property=\"og:title\" content=\"Corporate - Aptim\" \/>\n<meta property=\"og:url\" content=\"https:\/\/aptim.hu\/en\/\" \/>\n<meta property=\"og:site_name\" content=\"Aptim\" \/>\n<meta property=\"article:modified_time\" content=\"2026-05-15T17:43:52+00:00\" \/>\n<meta property=\"og:image\" content=\"https:\/\/aptim.hu\/wp-content\/uploads\/2016\/08\/dummy-1.jpg\" \/>\n\t<meta property=\"og:image:width\" content=\"400\" \/>\n\t<meta property=\"og:image:height\" content=\"260\" \/>\n\t<meta property=\"og:image:type\" content=\"image\/jpeg\" \/>\n<meta name=\"twitter:card\" content=\"summary_large_image\" \/>\n<meta name=\"twitter:label1\" content=\"Est. reading time\" \/>\n\t<meta name=\"twitter:data1\" content=\"4 minutes\" \/>\n<script type=\"application\/ld+json\" class=\"yoast-schema-graph\">{\"@context\":\"https:\/\/schema.org\",\"@graph\":[{\"@type\":\"WebPage\",\"@id\":\"https:\/\/aptim.hu\/en\/\",\"url\":\"https:\/\/aptim.hu\/en\/\",\"name\":\"Corporate - Aptim\",\"isPartOf\":{\"@id\":\"https:\/\/aptim.hu\/en\/#website\"},\"primaryImageOfPage\":{\"@id\":\"https:\/\/aptim.hu\/en\/#primaryimage\"},\"image\":{\"@id\":\"https:\/\/aptim.hu\/en\/#primaryimage\"},\"thumbnailUrl\":\"https:\/\/aptim.hu\/wp-content\/uploads\/2016\/08\/dummy-1.jpg\",\"datePublished\":\"2016-02-18T15:10:52+00:00\",\"dateModified\":\"2026-05-15T17:43:52+00:00\",\"breadcrumb\":{\"@id\":\"https:\/\/aptim.hu\/en\/#breadcrumb\"},\"inLanguage\":\"en-US\",\"potentialAction\":[{\"@type\":\"ReadAction\",\"target\":[\"https:\/\/aptim.hu\/en\/\"]}]},{\"@type\":\"ImageObject\",\"inLanguage\":\"en-US\",\"@id\":\"https:\/\/aptim.hu\/en\/#primaryimage\",\"url\":\"https:\/\/aptim.hu\/wp-content\/uploads\/2016\/08\/dummy-1.jpg\",\"contentUrl\":\"https:\/\/aptim.hu\/wp-content\/uploads\/2016\/08\/dummy-1.jpg\",\"width\":400,\"height\":260},{\"@type\":\"BreadcrumbList\",\"@id\":\"https:\/\/aptim.hu\/en\/#breadcrumb\",\"itemListElement\":[{\"@type\":\"ListItem\",\"position\":1,\"name\":\"Home\",\"item\":\"https:\/\/aptim.hu\/en\/\"},{\"@type\":\"ListItem\",\"position\":2,\"name\":\"Corporate\"}]},{\"@type\":\"WebSite\",\"@id\":\"https:\/\/aptim.hu\/en\/#website\",\"url\":\"https:\/\/aptim.hu\/en\/\",\"name\":\"Aptim\",\"description\":\"Aptim.hu\",\"potentialAction\":[{\"@type\":\"SearchAction\",\"target\":{\"@type\":\"EntryPoint\",\"urlTemplate\":\"https:\/\/aptim.hu\/en\/?s={search_term_string}\"},\"query-input\":{\"@type\":\"PropertyValueSpecification\",\"valueRequired\":true,\"valueName\":\"search_term_string\"}}],\"inLanguage\":\"en-US\"}]}<\/script>\n<!-- \/ Yoast SEO plugin. -->","yoast_head_json":{"title":"Corporate - Aptim","robots":{"index":"index","follow":"follow","max-snippet":"max-snippet:-1","max-image-preview":"max-image-preview:large","max-video-preview":"max-video-preview:-1"},"canonical":"https:\/\/aptim.hu\/en\/","og_locale":"en_US","og_type":"article","og_title":"Corporate - Aptim","og_url":"https:\/\/aptim.hu\/en\/","og_site_name":"Aptim","article_modified_time":"2026-05-15T17:43:52+00:00","og_image":[{"width":400,"height":260,"url":"https:\/\/aptim.hu\/wp-content\/uploads\/2016\/08\/dummy-1.jpg","type":"image\/jpeg"}],"twitter_card":"summary_large_image","twitter_misc":{"Est. reading time":"4 minutes"},"schema":{"@context":"https:\/\/schema.org","@graph":[{"@type":"WebPage","@id":"https:\/\/aptim.hu\/en\/","url":"https:\/\/aptim.hu\/en\/","name":"Corporate - Aptim","isPartOf":{"@id":"https:\/\/aptim.hu\/en\/#website"},"primaryImageOfPage":{"@id":"https:\/\/aptim.hu\/en\/#primaryimage"},"image":{"@id":"https:\/\/aptim.hu\/en\/#primaryimage"},"thumbnailUrl":"https:\/\/aptim.hu\/wp-content\/uploads\/2016\/08\/dummy-1.jpg","datePublished":"2016-02-18T15:10:52+00:00","dateModified":"2026-05-15T17:43:52+00:00","breadcrumb":{"@id":"https:\/\/aptim.hu\/en\/#breadcrumb"},"inLanguage":"en-US","potentialAction":[{"@type":"ReadAction","target":["https:\/\/aptim.hu\/en\/"]}]},{"@type":"ImageObject","inLanguage":"en-US","@id":"https:\/\/aptim.hu\/en\/#primaryimage","url":"https:\/\/aptim.hu\/wp-content\/uploads\/2016\/08\/dummy-1.jpg","contentUrl":"https:\/\/aptim.hu\/wp-content\/uploads\/2016\/08\/dummy-1.jpg","width":400,"height":260},{"@type":"BreadcrumbList","@id":"https:\/\/aptim.hu\/en\/#breadcrumb","itemListElement":[{"@type":"ListItem","position":1,"name":"Home","item":"https:\/\/aptim.hu\/en\/"},{"@type":"ListItem","position":2,"name":"Corporate"}]},{"@type":"WebSite","@id":"https:\/\/aptim.hu\/en\/#website","url":"https:\/\/aptim.hu\/en\/","name":"Aptim","description":"Aptim.hu","potentialAction":[{"@type":"SearchAction","target":{"@type":"EntryPoint","urlTemplate":"https:\/\/aptim.hu\/en\/?s={search_term_string}"},"query-input":{"@type":"PropertyValueSpecification","valueRequired":true,"valueName":"search_term_string"}}],"inLanguage":"en-US"}]}},"_links":{"self":[{"href":"https:\/\/aptim.hu\/en\/wp-json\/wp\/v2\/pages\/661","targetHints":{"allow":["GET"]}}],"collection":[{"href":"https:\/\/aptim.hu\/en\/wp-json\/wp\/v2\/pages"}],"about":[{"href":"https:\/\/aptim.hu\/en\/wp-json\/wp\/v2\/types\/page"}],"author":[{"embeddable":true,"href":"https:\/\/aptim.hu\/en\/wp-json\/wp\/v2\/users\/2"}],"replies":[{"embeddable":true,"href":"https:\/\/aptim.hu\/en\/wp-json\/wp\/v2\/comments?post=661"}],"version-history":[{"count":13,"href":"https:\/\/aptim.hu\/en\/wp-json\/wp\/v2\/pages\/661\/revisions"}],"predecessor-version":[{"id":733,"href":"https:\/\/aptim.hu\/en\/wp-json\/wp\/v2\/pages\/661\/revisions\/733"}],"wp:featuredmedia":[{"embeddable":true,"href":"https:\/\/aptim.hu\/en\/wp-json\/wp\/v2\/media\/660"}],"wp:attachment":[{"href":"https:\/\/aptim.hu\/en\/wp-json\/wp\/v2\/media?parent=661"}],"curies":[{"name":"wp","href":"https:\/\/api.w.org\/{rel}","templated":true}]}}