{"id":665,"date":"2021-02-23T22:07:40","date_gmt":"2021-02-23T22:07:40","guid":{"rendered":"https:\/\/aptim.hu\/about-us\/"},"modified":"2026-05-08T10:18:34","modified_gmt":"2026-05-08T10:18:34","slug":"about-us","status":"publish","type":"page","link":"https:\/\/aptim.hu\/en\/about-us\/","title":{"rendered":"About us"},"content":{"rendered":"\n\n  <div class=\"banner has-hover has-parallax\" id=\"banner-881930020\">\n          <div class=\"banner-inner fill\">\n        <div class=\"banner-bg fill\" data-parallax=\"-3\" data-parallax-container=\".banner\" data-parallax-background>\n            <img loading=\"lazy\" decoding=\"async\" width=\"1020\" height=\"680\" src=\"https:\/\/aptim.hu\/wp-content\/uploads\/2021\/02\/rolunkfoto-1200x800.jpg\" class=\"bg attachment-large size-large\" alt=\"\" \/>                                    \n                    <\/div>\n\t\t\n        <div class=\"banner-layers container\">\n            <div class=\"fill banner-link\"><\/div>            \n\n   <div id=\"text-box-1071758654\" class=\"text-box banner-layer x50 md-x50 lg-x50 y50 md-y50 lg-y50 res-text\">\n                                <div class=\"text-box-content text dark\">\n              \n              <div class=\"text-inner text-center\">\n                  \n\n<h3 class=\"uppercase\"><strong>About us<\/strong><\/h3>\n\n              <\/div>\n           <\/div>\n                            \n<style>\n#text-box-1071758654 {\n  width: 60%;\n}\n#text-box-1071758654 .text-box-content {\n  font-size: 100%;\n}\n<\/style>\n    <\/div>\n \n\n        <\/div>\n      <\/div>\n\n            \n<style>\n#banner-881930020 {\n  padding-top: 500px;\n}\n#banner-881930020 .banner-bg img {\n  object-position: 48% 23%;\n}\n<\/style>\n  <\/div>\n\n\n<div class=\"row\"  id=\"row-2087050384\">\n\n\n\t<div id=\"col-2132518317\" class=\"col small-12 large-12\"  >\n\t\t\t\t<div class=\"col-inner\"  >\n\t\t\t\n\t\t\t\n\n<div class=\"row\"  id=\"row-67425171\">\n\n\n\t<div id=\"col-2051029886\" class=\"col small-12 large-12\"  >\n\t\t\t\t<div class=\"col-inner\"  >\n\t\t\t\n\t\t\t\n\n<p><span data-contrast=\"auto\">Welcome to our website,<\/span><span data-ccp-props=\"{\"201341983\":0,\"335559740\":259}\">&nbsp;<\/span><\/p>\n<p>Aptim is a Microsoft-focused consulting and implementation partner providing expert services to enterprise clients. The company was founded by Bal\u00e1zs Truczka, who brings more than two decades of experience in designing, implementing, and operating Microsoft environments, including professional experience at Microsoft.<span data-ccp-props=\"{\"201341983\":0,\"335559740\":259}\">&nbsp;<\/span><\/p>\n<p>Since its founding in 2009, Aptim has focused on supporting enterprise organizations, initially delivering monitoring, SLA, and reporting solutions. Over the years, we have continuously expanded our portfolio, and today we cover the full spectrum of Microsoft infrastructure, cloud, and modern workplace technologies.<span data-ccp-props=\"{\"201341983\":0,\"335559740\":259}\">&nbsp;<\/span><\/p>\n<p>Our team builds on extensive experience in complex enterprise environments and has successfully delivered numerous projects involving mission-critical systems. Our approach is centered on reliability, security, and long-term sustainability.<span data-ccp-props=\"{\"201341983\":0,\"335559740\":259}\">&nbsp;<\/span><\/p>\n<p><span data-ccp-props=\"{\"201341983\":0,\"335559740\":259}\">&nbsp;<\/span>The company\u2019s leadership was further strengthened in 2020 when L\u00e1szl\u00f3 Rub\u00f3czki joined Aptim as an owner. Today, we serve a broad client portfolio and bring significant project experience, with the goal of becoming a trusted Microsoft partner in the international market.<\/p>\n\n\t\t<\/div>\n\t\t\t\t\t<\/div>\n\n\t\n\n<\/div>\n\n\t\t<\/div>\n\t\t\t\t\t<\/div>\n\n\t\n\n<\/div>\n<div class=\"row align-center\"  id=\"row-735046541\">\n\n\n\t<div id=\"col-818488261\" class=\"col rolunk-szemely-box medium-3 small-6 large-3\"  >\n\t\t\t\t<div class=\"col-inner text-center\"  >\n\t\t\t\n\t\t\t\n\n    <div class=\"box has-hover has-hover box-text-bottom\" >\n\n                  <div class=\"box-image \" style=\"width:80%;\">\n           <div class=\"box-image-inner image-cover\" style=\"border-radius:100%;padding-top:100%;\">\n              <img loading=\"lazy\" decoding=\"async\" width=\"400\" height=\"260\" src=\"https:\/\/aptim.hu\/wp-content\/uploads\/2016\/08\/dummy-1.jpg\" class=\"attachment- size-\" alt=\"\" srcset=\"https:\/\/aptim.hu\/wp-content\/uploads\/2016\/08\/dummy-1.jpg 400w, https:\/\/aptim.hu\/wp-content\/uploads\/2016\/08\/dummy-1-300x195.jpg 300w\" sizes=\"auto, (max-width: 400px) 100vw, 400px\" \/>                         <\/div>\n          <\/div>\n         \n          <div class=\"box-text text-center\" >\n                <div class=\"box-text-inner\">\n                  <h4 class=\"uppercase\">\n                    <span class=\"person-name\">Truczka Bal\u00e1zs<\/span><br\/>\n                    <span class=\"person-title is-small thin-font op-7\">\n                      Managing Director \/ Founder &amp; Owner                    <\/span>\n                  <\/h4>\n\t\t\t\t\t<div class=\"social-icons follow-icons\" ><a href=\"mailto:truczka.balazs@aptim.hu\" data-label=\"E-mail\" target=\"_blank\" class=\"icon button circle is-outline email tooltip\" title=\"Send us an email\" aria-label=\"Send us an email\" rel=\"nofollow noopener\" ><i class=\"icon-envelop\" ><\/i><\/a><a href=\"https:\/\/www.linkedin.com\/in\/balazs-truczka-28610034\/\" data-label=\"LinkedIn\" target=\"_blank\" class=\"icon button circle is-outline linkedin tooltip\" title=\"Follow on LinkedIn\" aria-label=\"Follow on LinkedIn\" rel=\"noopener nofollow\" ><i class=\"icon-linkedin\" ><\/i><\/a><\/div>\n\n\n                <\/div>\n          <\/div>\n    <\/div>\n\n\t\n    \n\n\t\t<\/div>\n\t\t\t\t\t<\/div>\n\n\t\n\n\t<div id=\"col-761745746\" class=\"col rolunk-szemely-box medium-3 small-6 large-3\"  >\n\t\t\t\t<div class=\"col-inner text-center\"  >\n\t\t\t\n\t\t\t\n\n    <div class=\"box has-hover has-hover box-text-bottom\" >\n\n                  <div class=\"box-image \" style=\"width:80%;\">\n           <div class=\"box-image-inner image-cover\" style=\"border-radius:100%;padding-top:100%;\">\n              <img loading=\"lazy\" decoding=\"async\" width=\"400\" height=\"260\" src=\"https:\/\/aptim.hu\/wp-content\/uploads\/2016\/08\/dummy-1.jpg\" class=\"attachment- size-\" alt=\"\" srcset=\"https:\/\/aptim.hu\/wp-content\/uploads\/2016\/08\/dummy-1.jpg 400w, https:\/\/aptim.hu\/wp-content\/uploads\/2016\/08\/dummy-1-300x195.jpg 300w\" sizes=\"auto, (max-width: 400px) 100vw, 400px\" \/>                         <\/div>\n          <\/div>\n         \n          <div class=\"box-text text-center\" >\n                <div class=\"box-text-inner\">\n                  <h4 class=\"uppercase\">\n                    <span class=\"person-name\">Rub\u00f3czki L\u00e1szl\u00f3<\/span><br\/>\n                    <span class=\"person-title is-small thin-font op-7\">\n                      Co-Owner                    <\/span>\n                  <\/h4>\n\t\t\t\t\t<div class=\"social-icons follow-icons\" ><a href=\"mailto:laszlo.ruboczki@rubedi.hu\" data-label=\"E-mail\" target=\"_blank\" class=\"icon button circle is-outline email tooltip\" title=\"Send us an email\" aria-label=\"Send us an email\" rel=\"nofollow noopener\" ><i class=\"icon-envelop\" ><\/i><\/a><a href=\"https:\/\/www.linkedin.com\/in\/laszloruboczki\/\" data-label=\"LinkedIn\" target=\"_blank\" class=\"icon button circle is-outline linkedin tooltip\" title=\"Follow on LinkedIn\" aria-label=\"Follow on LinkedIn\" rel=\"noopener nofollow\" ><i class=\"icon-linkedin\" ><\/i><\/a><\/div>\n\n\n                <\/div>\n          <\/div>\n    <\/div>\n\n\t\n    \n\n\t\t<\/div>\n\t\t\t\t\t<\/div>\n\n\t\n\n<\/div>\n","protected":false},"excerpt":{"rendered":"","protected":false},"author":2,"featured_media":0,"parent":0,"menu_order":0,"comment_status":"closed","ping_status":"closed","template":"page-blank.php","meta":{"footnotes":""},"class_list":["post-665","page","type-page","status-publish","hentry"],"yoast_head":"<!-- This site is optimized with the Yoast SEO plugin v27.1.1 - https:\/\/yoast.com\/product\/yoast-seo-wordpress\/ -->\n<title>About us - Aptim<\/title>\n<meta name=\"robots\" content=\"index, follow, max-snippet:-1, max-image-preview:large, max-video-preview:-1\" \/>\n<link rel=\"canonical\" href=\"https:\/\/aptim.hu\/en\/about-us\/\" \/>\n<meta property=\"og:locale\" content=\"en_US\" \/>\n<meta property=\"og:type\" content=\"article\" \/>\n<meta property=\"og:title\" content=\"About us - Aptim\" \/>\n<meta property=\"og:url\" content=\"https:\/\/aptim.hu\/en\/about-us\/\" \/>\n<meta property=\"og:site_name\" content=\"Aptim\" \/>\n<meta property=\"article:modified_time\" content=\"2026-05-08T10:18:34+00:00\" \/>\n<meta name=\"twitter:card\" content=\"summary_large_image\" \/>\n<meta name=\"twitter:label1\" content=\"Est. reading time\" \/>\n\t<meta name=\"twitter:data1\" content=\"1 minute\" \/>\n<script type=\"application\/ld+json\" class=\"yoast-schema-graph\">{\"@context\":\"https:\/\/schema.org\",\"@graph\":[{\"@type\":\"WebPage\",\"@id\":\"https:\/\/aptim.hu\/en\/about-us\/\",\"url\":\"https:\/\/aptim.hu\/en\/about-us\/\",\"name\":\"About us - Aptim\",\"isPartOf\":{\"@id\":\"https:\/\/aptim.hu\/en\/#website\"},\"datePublished\":\"2021-02-23T22:07:40+00:00\",\"dateModified\":\"2026-05-08T10:18:34+00:00\",\"breadcrumb\":{\"@id\":\"https:\/\/aptim.hu\/en\/about-us\/#breadcrumb\"},\"inLanguage\":\"en-US\",\"potentialAction\":[{\"@type\":\"ReadAction\",\"target\":[\"https:\/\/aptim.hu\/en\/about-us\/\"]}]},{\"@type\":\"BreadcrumbList\",\"@id\":\"https:\/\/aptim.hu\/en\/about-us\/#breadcrumb\",\"itemListElement\":[{\"@type\":\"ListItem\",\"position\":1,\"name\":\"Home\",\"item\":\"https:\/\/aptim.hu\/en\/\"},{\"@type\":\"ListItem\",\"position\":2,\"name\":\"About us\"}]},{\"@type\":\"WebSite\",\"@id\":\"https:\/\/aptim.hu\/en\/#website\",\"url\":\"https:\/\/aptim.hu\/en\/\",\"name\":\"Aptim\",\"description\":\"Aptim.hu\",\"potentialAction\":[{\"@type\":\"SearchAction\",\"target\":{\"@type\":\"EntryPoint\",\"urlTemplate\":\"https:\/\/aptim.hu\/en\/?s={search_term_string}\"},\"query-input\":{\"@type\":\"PropertyValueSpecification\",\"valueRequired\":true,\"valueName\":\"search_term_string\"}}],\"inLanguage\":\"en-US\"}]}<\/script>\n<!-- \/ Yoast SEO plugin. -->","yoast_head_json":{"title":"About us - Aptim","robots":{"index":"index","follow":"follow","max-snippet":"max-snippet:-1","max-image-preview":"max-image-preview:large","max-video-preview":"max-video-preview:-1"},"canonical":"https:\/\/aptim.hu\/en\/about-us\/","og_locale":"en_US","og_type":"article","og_title":"About us - Aptim","og_url":"https:\/\/aptim.hu\/en\/about-us\/","og_site_name":"Aptim","article_modified_time":"2026-05-08T10:18:34+00:00","twitter_card":"summary_large_image","twitter_misc":{"Est. reading time":"1 minute"},"schema":{"@context":"https:\/\/schema.org","@graph":[{"@type":"WebPage","@id":"https:\/\/aptim.hu\/en\/about-us\/","url":"https:\/\/aptim.hu\/en\/about-us\/","name":"About us - Aptim","isPartOf":{"@id":"https:\/\/aptim.hu\/en\/#website"},"datePublished":"2021-02-23T22:07:40+00:00","dateModified":"2026-05-08T10:18:34+00:00","breadcrumb":{"@id":"https:\/\/aptim.hu\/en\/about-us\/#breadcrumb"},"inLanguage":"en-US","potentialAction":[{"@type":"ReadAction","target":["https:\/\/aptim.hu\/en\/about-us\/"]}]},{"@type":"BreadcrumbList","@id":"https:\/\/aptim.hu\/en\/about-us\/#breadcrumb","itemListElement":[{"@type":"ListItem","position":1,"name":"Home","item":"https:\/\/aptim.hu\/en\/"},{"@type":"ListItem","position":2,"name":"About us"}]},{"@type":"WebSite","@id":"https:\/\/aptim.hu\/en\/#website","url":"https:\/\/aptim.hu\/en\/","name":"Aptim","description":"Aptim.hu","potentialAction":[{"@type":"SearchAction","target":{"@type":"EntryPoint","urlTemplate":"https:\/\/aptim.hu\/en\/?s={search_term_string}"},"query-input":{"@type":"PropertyValueSpecification","valueRequired":true,"valueName":"search_term_string"}}],"inLanguage":"en-US"}]}},"_links":{"self":[{"href":"https:\/\/aptim.hu\/en\/wp-json\/wp\/v2\/pages\/665","targetHints":{"allow":["GET"]}}],"collection":[{"href":"https:\/\/aptim.hu\/en\/wp-json\/wp\/v2\/pages"}],"about":[{"href":"https:\/\/aptim.hu\/en\/wp-json\/wp\/v2\/types\/page"}],"author":[{"embeddable":true,"href":"https:\/\/aptim.hu\/en\/wp-json\/wp\/v2\/users\/2"}],"replies":[{"embeddable":true,"href":"https:\/\/aptim.hu\/en\/wp-json\/wp\/v2\/comments?post=665"}],"version-history":[{"count":2,"href":"https:\/\/aptim.hu\/en\/wp-json\/wp\/v2\/pages\/665\/revisions"}],"predecessor-version":[{"id":667,"href":"https:\/\/aptim.hu\/en\/wp-json\/wp\/v2\/pages\/665\/revisions\/667"}],"wp:attachment":[{"href":"https:\/\/aptim.hu\/en\/wp-json\/wp\/v2\/media?parent=665"}],"curies":[{"name":"wp","href":"https:\/\/api.w.org\/{rel}","templated":true}]}}