{"id":669,"date":"2013-08-11T19:22:53","date_gmt":"2013-08-11T19:22:53","guid":{"rendered":"https:\/\/aptim.hu\/contact-us\/"},"modified":"2026-05-11T05:58:59","modified_gmt":"2026-05-11T05:58:59","slug":"contact-us","status":"publish","type":"page","link":"https:\/\/aptim.hu\/en\/contact-us\/","title":{"rendered":"Contact Us"},"content":{"rendered":"\n\n  <div class=\"banner has-hover kapcsolat-banner-fix\" id=\"banner-1320463080\">\n          <div class=\"banner-inner fill\">\n        <div class=\"banner-bg fill\" >\n            <img loading=\"lazy\" decoding=\"async\" width=\"2552\" height=\"1186\" src=\"https:\/\/aptim.hu\/wp-content\/uploads\/2021\/04\/aptim-kapcsolat.jpg\" class=\"bg attachment-original size-original\" alt=\"\" \/>                                    \n                    <\/div>\n\t\t\n        <div class=\"banner-layers container\">\n            <div class=\"fill banner-link\"><\/div>            \n\n   <div id=\"text-box-1995226432\" class=\"text-box banner-layer x50 md-x50 lg-x50 y20 md-y20 lg-y20 res-text\">\n                                <div class=\"text-box-content text dark\">\n              \n              <div class=\"text-inner text-center\">\n                  \n\n<h3 class=\"uppercase\"><strong>KAPCSOLAT<\/strong><\/h3>\n\n              <\/div>\n           <\/div>\n                            \n<style>\n#text-box-1995226432 {\n  width: 60%;\n}\n#text-box-1995226432 .text-box-content {\n  font-size: 100%;\n}\n<\/style>\n    <\/div>\n \n\n        <\/div>\n      <\/div>\n\n            \n<style>\n#banner-1320463080 {\n  padding-top: 500px;\n}\n#banner-1320463080 .banner-bg img {\n  object-position: 0px 0px;\n}\n<\/style>\n  <\/div>\n\n\n<div class=\"slider-wrapper relative\" id=\"slider-1401435095\" >\n    <div class=\"slider slider-nav-circle slider-nav-large slider-nav-light slider-style-normal\"\n        data-flickity-options='{\n            \"cellAlign\": \"center\",\n            \"imagesLoaded\": true,\n            \"lazyLoad\": 1,\n            \"freeScroll\": false,\n            \"wrapAround\": true,\n            \"autoPlay\": 6000,\n            \"pauseAutoPlayOnHover\" : true,\n            \"prevNextButtons\": true,\n            \"contain\" : true,\n            \"adaptiveHeight\" : true,\n            \"dragThreshold\" : 10,\n            \"percentPosition\": true,\n            \"pageDots\": true,\n            \"rightToLeft\": false,\n            \"draggable\": true,\n            \"selectedAttraction\": 0.1,\n            \"parallax\" : 0,\n            \"friction\": 0.6        }'\n        >\n        \n\n\n     <\/div>\n\n     <div class=\"loading-spin dark large centered\"><\/div>\n\n\t<\/div>\n\n\n<div class=\"row\"  id=\"row-98792393\">\n\n\n\t<div id=\"col-1644973063\" class=\"col medium-6 large-6\"  >\n\t\t\t\t<div class=\"col-inner\"  >\n\t\t\t\n\t\t\t\n\n<div class=\"container section-title-container\" ><h3 class=\"section-title section-title-normal\"><b><\/b><span class=\"section-title-main\" >Miel\u0151tt felveszed vel\u00fcnk a kapcsolatot:<\/span><b><\/b><\/h3><\/div>\n\n<div class=\"accordion\">\n\n\t<div id=\"accordion-3068555926\" class=\"accordion-item\">\n\t\t<a id=\"accordion-3068555926-label\" class=\"accordion-title plain\" href=\"#accordion-item-ki-a-mi-c\u00e9lk\u00f6z\u00f6ns\u00e9g\u00fcnk?\" aria-expanded=\"false\" aria-controls=\"accordion-3068555926-content\" >\n\t\t\t<button class=\"toggle\" aria-label=\"Toggle\"><i class=\"icon-angle-down\"><\/i><\/button>\n\t\t\t<span>Ki a mi c\u00e9lk\u00f6z\u00f6ns\u00e9g\u00fcnk?<\/span>\n\t\t<\/a>\n\t\t<div id=\"accordion-3068555926-content\" class=\"accordion-inner\" aria-labelledby=\"accordion-3068555926-label\" >\n\t\t\t\n\n<p><span data-contrast=\"auto\">Partnereink a nagy<\/span><span data-contrast=\"auto\">v\u00e1llaltok, <\/span><span data-contrast=\"auto\">tov\u00e1bb\u00e1 a <\/span><span data-contrast=\"auto\">KKV<\/span><span data-contrast=\"auto\"> szektor <\/span><span data-contrast=\"auto\">nagyobb szerepl\u0151i. Ezt a korl\u00e1toz\u00e1st nem mi szabjuk meg, hanem az \u00e1ltalunk \u00fczemeltetett rendszerek, hiszen ezek \u00e1tlagos felhaszn\u00e1l\u00f3<\/span><span data-contrast=\"auto\">sz\u00e1ma n\u00e9h\u00e1ny sz\u00e1z f\u0151t\u0151l a t\u00edzezres nagys\u00e1grendig terjed.<\/span><span data-ccp-props=\"{&quot;201341983&quot;:0,&quot;335559740&quot;:259}\">&nbsp;<\/span><\/p>\n\n\t\t<\/div>\n\t<\/div>\n\t\n\t<div id=\"accordion-3432116228\" class=\"accordion-item\">\n\t\t<a id=\"accordion-3432116228-label\" class=\"accordion-title plain\" href=\"#accordion-item-mekkora-projekteken-dolgozunk?\" aria-expanded=\"false\" aria-controls=\"accordion-3432116228-content\" >\n\t\t\t<button class=\"toggle\" aria-label=\"Toggle\"><i class=\"icon-angle-down\"><\/i><\/button>\n\t\t\t<span>Mekkora projekteken dolgozunk?<\/span>\n\t\t<\/a>\n\t\t<div id=\"accordion-3432116228-content\" class=\"accordion-inner\" aria-labelledby=\"accordion-3432116228-label\" >\n\t\t\t\n\n<p><span data-contrast=\"auto\">A legkisebb projektjeink n\u00e9h\u00e1ny 10 \u00f3r\u00e1n\u00e1l kezd\u0151dnek. A legnagyobbak n\u00e9h\u00e1ny ezer m\u00e9rn\u00f6k\u00f3r\u00e1ig terjednek.<\/span><span data-contrast=\"auto\"> Ez a projektm\u00e9ret m\u00e1r <\/span><span data-contrast=\"auto\">behat\u00e1rolja <\/span><span data-contrast=\"auto\">azt, hogy milyen jelleg\u0171 feladatokban k\u00e9rheted <\/span><span data-contrast=\"auto\">seg\u00ed<\/span><span data-contrast=\"auto\">t<\/span><span data-contrast=\"auto\">s\u00e9g\u00fcnket<\/span><span data-contrast=\"auto\">.<\/span><span data-ccp-props=\"{&quot;201341983&quot;:0,&quot;335559740&quot;:259}\">&nbsp;<\/span><\/p>\n\n\t\t<\/div>\n\t<\/div>\n\t\n\t<div id=\"accordion-2014971047\" class=\"accordion-item\">\n\t\t<a id=\"accordion-2014971047-label\" class=\"accordion-title plain\" href=\"#accordion-item-mivel-nem-foglalkozunk?\" aria-expanded=\"false\" aria-controls=\"accordion-2014971047-content\" >\n\t\t\t<button class=\"toggle\" aria-label=\"Toggle\"><i class=\"icon-angle-down\"><\/i><\/button>\n\t\t\t<span>Mivel nem foglalkozunk?<\/span>\n\t\t<\/a>\n\t\t<div id=\"accordion-2014971047-content\" class=\"accordion-inner\" aria-labelledby=\"accordion-2014971047-label\" >\n\t\t\t\n\n<p><span class=\"TextRun SCXW216879151 BCX2\" lang=\"HU-HU\" xml:lang=\"HU-HU\" data-contrast=\"auto\"><span class=\"NormalTextRun SCXW216879151 BCX2\">Nem foglalkozunk szerverek, szoftverek \u00e9s licenszek \u00e9rt\u00e9kes\u00edt\u00e9s\u00e9vel. Nem<\/span><\/span><span class=\"TextRun SCXW216879151 BCX2\" lang=\"HU-HU\" xml:lang=\"HU-HU\" data-contrast=\"auto\"><span class=\"NormalTextRun SCXW216879151 BCX2\">&nbsp;vagyunk CSP-k, sem disztrib\u00fatorok. Mi szak\u00e9rt\u0151ink tud\u00e1s\u00e1t \u00e9rt\u00e9kes\u00edtj\u00fck.<\/span><\/span><\/p>\n\n\t\t<\/div>\n\t<\/div>\n\t\n\n<\/div>\n\n\t\t<\/div>\n\t\t\t\t\t<\/div>\n\n\t\n\n\t<div id=\"col-1422216072\" class=\"col medium-6 large-6\"  >\n\t\t\t\t<div class=\"col-inner\"  >\n\t\t\t\n\t\t\t\n\n<div class=\"container section-title-container\" ><h3 class=\"section-title section-title-normal\"><b><\/b><span class=\"section-title-main\" >Vedd fel vel\u00fcnk a kapcsolatot<\/span><b><\/b><\/h3><\/div>\n\n\n<div class=\"wpcf7 no-js\" id=\"wpcf7-f698-o1\" lang=\"en-US\" dir=\"ltr\" data-wpcf7-id=\"698\">\n<div class=\"screen-reader-response\"><p role=\"status\" aria-live=\"polite\" aria-atomic=\"true\"><\/p> <ul><\/ul><\/div>\n<form action=\"\/en\/wp-json\/wp\/v2\/pages\/669#wpcf7-f698-o1\" method=\"post\" class=\"wpcf7-form init\" aria-label=\"Contact form\" novalidate=\"novalidate\" data-status=\"init\">\n<fieldset class=\"hidden-fields-container\"><input type=\"hidden\" name=\"_wpcf7\" value=\"698\" \/><input type=\"hidden\" name=\"_wpcf7_version\" value=\"6.1.5\" \/><input type=\"hidden\" name=\"_wpcf7_locale\" value=\"en_US\" \/><input type=\"hidden\" name=\"_wpcf7_unit_tag\" value=\"wpcf7-f698-o1\" \/><input type=\"hidden\" name=\"_wpcf7_container_post\" value=\"0\" \/><input type=\"hidden\" name=\"_wpcf7_posted_data_hash\" value=\"\" \/><input type=\"hidden\" name=\"_wpcf7_recaptcha_response\" value=\"\" \/>\n<\/fieldset>\n<p><label> Name<br \/>\n<span class=\"wpcf7-form-control-wrap\" data-name=\"your-name\"><input size=\"40\" maxlength=\"400\" class=\"wpcf7-form-control wpcf7-text wpcf7-validates-as-required\" aria-required=\"true\" aria-invalid=\"false\" value=\"\" type=\"text\" name=\"your-name\" \/><\/span> <\/label>\n<\/p>\n<p><label> E-mail<br \/>\n<span class=\"wpcf7-form-control-wrap\" data-name=\"your-email\"><input size=\"40\" maxlength=\"400\" class=\"wpcf7-form-control wpcf7-email wpcf7-validates-as-required wpcf7-text wpcf7-validates-as-email\" aria-required=\"true\" aria-invalid=\"false\" value=\"\" type=\"email\" name=\"your-email\" \/><\/span> <\/label>\n<\/p>\n<p><label> Subject<br \/>\n<span class=\"wpcf7-form-control-wrap\" data-name=\"your-subject\"><input size=\"40\" maxlength=\"400\" class=\"wpcf7-form-control wpcf7-text wpcf7-validates-as-required\" aria-required=\"true\" aria-invalid=\"false\" value=\"\" type=\"text\" name=\"your-subject\" \/><\/span> <\/label>\n<\/p>\n<p><label> Message<br \/>\n<span class=\"wpcf7-form-control-wrap\" data-name=\"your-message\"><textarea cols=\"40\" rows=\"10\" maxlength=\"2000\" class=\"wpcf7-form-control wpcf7-textarea\" aria-invalid=\"false\" name=\"your-message\"><\/textarea><\/span> <\/label>\n<\/p>\n<p style=\"margin-left: 15px;margin-bottom: 5px;\"><span class=\"wpcf7-form-control-wrap\" data-name=\"adatkezeles\"><span class=\"wpcf7-form-control wpcf7-checkbox wpcf7-validates-as-required\"><span class=\"wpcf7-list-item first last\"><input type=\"checkbox\" name=\"adatkezeles[]\" value=\"I have read and accept the Privacy Policy\" \/><span class=\"wpcf7-list-item-label\">I have read and accept the Privacy Policy<\/span><\/span><\/span><\/span>\n<\/p>\n<span class=\"wpcf7-form-control-wrap recaptcha\" data-name=\"recaptcha\"><span data-sitekey=\"6LeRL2gaAAAAAOnsU9_Wd3C5JaafNv2G0K34lTNv\" class=\"wpcf7-form-control wpcf7-recaptcha g-recaptcha\"><\/span>\r\n<noscript>\r\n\t<div class=\"grecaptcha-noscript\">\r\n\t\t<iframe loading=\"lazy\" src=\"https:\/\/www.google.com\/recaptcha\/api\/fallback?k=6LeRL2gaAAAAAOnsU9_Wd3C5JaafNv2G0K34lTNv\" frameborder=\"0\" scrolling=\"no\" width=\"310\" height=\"430\">\r\n\t\t<\/iframe>\r\n\t\t<textarea name=\"g-recaptcha-response\" rows=\"3\" cols=\"40\" placeholder=\"reCaptcha Response Here\">\r\n\t\t<\/textarea>\r\n\t<\/div>\r\n<\/noscript>\r\n<\/span>\n<p style=\"margin-top: 30px;\"><input class=\"wpcf7-form-control wpcf7-submit has-spinner\" type=\"submit\" value=\"Send\" \/>\n<\/p><div class=\"wpcf7-response-output\" aria-hidden=\"true\"><\/div>\n<\/form>\n<\/div>\n\n\n\t\t<\/div>\n\t\t\t\t\t<\/div>\n\n\t\n\n<\/div>\n<p>&nbsp;<\/p>\n\n","protected":false},"excerpt":{"rendered":"","protected":false},"author":2,"featured_media":660,"parent":0,"menu_order":0,"comment_status":"closed","ping_status":"closed","template":"page-blank.php","meta":{"footnotes":""},"class_list":["post-669","page","type-page","status-publish","has-post-thumbnail","hentry"],"yoast_head":"<!-- This site is optimized with the Yoast SEO plugin v27.1.1 - https:\/\/yoast.com\/product\/yoast-seo-wordpress\/ -->\n<title>Contact Us - Aptim<\/title>\n<meta name=\"robots\" content=\"index, follow, max-snippet:-1, max-image-preview:large, max-video-preview:-1\" \/>\n<link rel=\"canonical\" href=\"https:\/\/aptim.hu\/en\/contact-us\/\" \/>\n<meta property=\"og:locale\" content=\"en_US\" \/>\n<meta property=\"og:type\" content=\"article\" \/>\n<meta property=\"og:title\" content=\"Contact Us - Aptim\" \/>\n<meta property=\"og:url\" content=\"https:\/\/aptim.hu\/en\/contact-us\/\" \/>\n<meta property=\"og:site_name\" content=\"Aptim\" \/>\n<meta property=\"article:modified_time\" content=\"2026-05-11T05:58:59+00:00\" \/>\n<meta property=\"og:image\" content=\"https:\/\/aptim.hu\/wp-content\/uploads\/2016\/08\/dummy-1.jpg\" \/>\n\t<meta property=\"og:image:width\" content=\"400\" \/>\n\t<meta property=\"og:image:height\" content=\"260\" \/>\n\t<meta property=\"og:image:type\" content=\"image\/jpeg\" \/>\n<meta name=\"twitter:card\" content=\"summary_large_image\" \/>\n<meta name=\"twitter:label1\" content=\"Est. reading time\" \/>\n\t<meta name=\"twitter:data1\" content=\"1 minute\" \/>\n<script type=\"application\/ld+json\" class=\"yoast-schema-graph\">{\"@context\":\"https:\/\/schema.org\",\"@graph\":[{\"@type\":\"WebPage\",\"@id\":\"https:\/\/aptim.hu\/en\/contact-us\/\",\"url\":\"https:\/\/aptim.hu\/en\/contact-us\/\",\"name\":\"Contact Us - Aptim\",\"isPartOf\":{\"@id\":\"https:\/\/aptim.hu\/en\/#website\"},\"primaryImageOfPage\":{\"@id\":\"https:\/\/aptim.hu\/en\/contact-us\/#primaryimage\"},\"image\":{\"@id\":\"https:\/\/aptim.hu\/en\/contact-us\/#primaryimage\"},\"thumbnailUrl\":\"https:\/\/aptim.hu\/wp-content\/uploads\/2016\/08\/dummy-1.jpg\",\"datePublished\":\"2013-08-11T19:22:53+00:00\",\"dateModified\":\"2026-05-11T05:58:59+00:00\",\"breadcrumb\":{\"@id\":\"https:\/\/aptim.hu\/en\/contact-us\/#breadcrumb\"},\"inLanguage\":\"en-US\",\"potentialAction\":[{\"@type\":\"ReadAction\",\"target\":[\"https:\/\/aptim.hu\/en\/contact-us\/\"]}]},{\"@type\":\"ImageObject\",\"inLanguage\":\"en-US\",\"@id\":\"https:\/\/aptim.hu\/en\/contact-us\/#primaryimage\",\"url\":\"https:\/\/aptim.hu\/wp-content\/uploads\/2016\/08\/dummy-1.jpg\",\"contentUrl\":\"https:\/\/aptim.hu\/wp-content\/uploads\/2016\/08\/dummy-1.jpg\",\"width\":400,\"height\":260},{\"@type\":\"BreadcrumbList\",\"@id\":\"https:\/\/aptim.hu\/en\/contact-us\/#breadcrumb\",\"itemListElement\":[{\"@type\":\"ListItem\",\"position\":1,\"name\":\"Home\",\"item\":\"https:\/\/aptim.hu\/en\/\"},{\"@type\":\"ListItem\",\"position\":2,\"name\":\"Contact Us\"}]},{\"@type\":\"WebSite\",\"@id\":\"https:\/\/aptim.hu\/en\/#website\",\"url\":\"https:\/\/aptim.hu\/en\/\",\"name\":\"Aptim\",\"description\":\"Aptim.hu\",\"potentialAction\":[{\"@type\":\"SearchAction\",\"target\":{\"@type\":\"EntryPoint\",\"urlTemplate\":\"https:\/\/aptim.hu\/en\/?s={search_term_string}\"},\"query-input\":{\"@type\":\"PropertyValueSpecification\",\"valueRequired\":true,\"valueName\":\"search_term_string\"}}],\"inLanguage\":\"en-US\"}]}<\/script>\n<!-- \/ Yoast SEO plugin. -->","yoast_head_json":{"title":"Contact Us - Aptim","robots":{"index":"index","follow":"follow","max-snippet":"max-snippet:-1","max-image-preview":"max-image-preview:large","max-video-preview":"max-video-preview:-1"},"canonical":"https:\/\/aptim.hu\/en\/contact-us\/","og_locale":"en_US","og_type":"article","og_title":"Contact Us - Aptim","og_url":"https:\/\/aptim.hu\/en\/contact-us\/","og_site_name":"Aptim","article_modified_time":"2026-05-11T05:58:59+00:00","og_image":[{"width":400,"height":260,"url":"https:\/\/aptim.hu\/wp-content\/uploads\/2016\/08\/dummy-1.jpg","type":"image\/jpeg"}],"twitter_card":"summary_large_image","twitter_misc":{"Est. reading time":"1 minute"},"schema":{"@context":"https:\/\/schema.org","@graph":[{"@type":"WebPage","@id":"https:\/\/aptim.hu\/en\/contact-us\/","url":"https:\/\/aptim.hu\/en\/contact-us\/","name":"Contact Us - Aptim","isPartOf":{"@id":"https:\/\/aptim.hu\/en\/#website"},"primaryImageOfPage":{"@id":"https:\/\/aptim.hu\/en\/contact-us\/#primaryimage"},"image":{"@id":"https:\/\/aptim.hu\/en\/contact-us\/#primaryimage"},"thumbnailUrl":"https:\/\/aptim.hu\/wp-content\/uploads\/2016\/08\/dummy-1.jpg","datePublished":"2013-08-11T19:22:53+00:00","dateModified":"2026-05-11T05:58:59+00:00","breadcrumb":{"@id":"https:\/\/aptim.hu\/en\/contact-us\/#breadcrumb"},"inLanguage":"en-US","potentialAction":[{"@type":"ReadAction","target":["https:\/\/aptim.hu\/en\/contact-us\/"]}]},{"@type":"ImageObject","inLanguage":"en-US","@id":"https:\/\/aptim.hu\/en\/contact-us\/#primaryimage","url":"https:\/\/aptim.hu\/wp-content\/uploads\/2016\/08\/dummy-1.jpg","contentUrl":"https:\/\/aptim.hu\/wp-content\/uploads\/2016\/08\/dummy-1.jpg","width":400,"height":260},{"@type":"BreadcrumbList","@id":"https:\/\/aptim.hu\/en\/contact-us\/#breadcrumb","itemListElement":[{"@type":"ListItem","position":1,"name":"Home","item":"https:\/\/aptim.hu\/en\/"},{"@type":"ListItem","position":2,"name":"Contact Us"}]},{"@type":"WebSite","@id":"https:\/\/aptim.hu\/en\/#website","url":"https:\/\/aptim.hu\/en\/","name":"Aptim","description":"Aptim.hu","potentialAction":[{"@type":"SearchAction","target":{"@type":"EntryPoint","urlTemplate":"https:\/\/aptim.hu\/en\/?s={search_term_string}"},"query-input":{"@type":"PropertyValueSpecification","valueRequired":true,"valueName":"search_term_string"}}],"inLanguage":"en-US"}]}},"_links":{"self":[{"href":"https:\/\/aptim.hu\/en\/wp-json\/wp\/v2\/pages\/669","targetHints":{"allow":["GET"]}}],"collection":[{"href":"https:\/\/aptim.hu\/en\/wp-json\/wp\/v2\/pages"}],"about":[{"href":"https:\/\/aptim.hu\/en\/wp-json\/wp\/v2\/types\/page"}],"author":[{"embeddable":true,"href":"https:\/\/aptim.hu\/en\/wp-json\/wp\/v2\/users\/2"}],"replies":[{"embeddable":true,"href":"https:\/\/aptim.hu\/en\/wp-json\/wp\/v2\/comments?post=669"}],"version-history":[{"count":4,"href":"https:\/\/aptim.hu\/en\/wp-json\/wp\/v2\/pages\/669\/revisions"}],"predecessor-version":[{"id":697,"href":"https:\/\/aptim.hu\/en\/wp-json\/wp\/v2\/pages\/669\/revisions\/697"}],"wp:featuredmedia":[{"embeddable":true,"href":"https:\/\/aptim.hu\/en\/wp-json\/wp\/v2\/media\/660"}],"wp:attachment":[{"href":"https:\/\/aptim.hu\/en\/wp-json\/wp\/v2\/media?parent=669"}],"curies":[{"name":"wp","href":"https:\/\/api.w.org\/{rel}","templated":true}]}}